{"id":8,"date":"2014-09-23T22:57:44","date_gmt":"2014-09-23T22:57:44","guid":{"rendered":"http:\/\/davidbyrdconsulting.com\/?page_id=8"},"modified":"2020-07-31T05:50:15","modified_gmt":"2020-07-31T10:50:15","slug":"next-level-growth","status":"publish","type":"page","link":"https:\/\/byrdgroup.com\/es\/next-level-growth\/","title":{"rendered":"Siguiente nivel de crecimiento"},"content":{"rendered":"<p>El t\u00e9rmino &quot;Siguiente nivel&quot; representa un lugar, una posici\u00f3n o una estaci\u00f3n en la vida en la que nunca ha estado antes. Llegar a ese nivel siguiente no es f\u00e1cil ni natural. Por supuesto, cualquiera puede tener suerte y alcanzar temporalmente un nivel m\u00e1s alto, solo para descubrir que retrocede en el transcurso del tiempo. La raz\u00f3n por la cual el &quot;Crecimiento de Siguiente Nivel&quot; es dif\u00edcil es debido a nuestros instintos naturales y humanos. Instintivamente, nos aferramos a la igualdad! Para crecer constantemente a nuevos niveles en la vida, necesita un sistema probado. Hemos desarrollado el &quot;Next Level Achievement System \u2122&quot; para ayudarlo a superar sus instintos naturales y convertirse en &quot;proactivo&quot; en lugar de &quot;reactivo&quot; en todas las \u00e1reas de su vida.<\/p>\n<p>Usando el &quot;Sistema de Logro de Siguiente Nivel&quot;, descubrir\u00e1 exactamente c\u00f3mo alcanzar el siguiente nivel. El sistema est\u00e1 probado; Puedes medir los resultados y lo tienes en tus manos.<\/p>\n<h2>Entrenamiento de logro de siguiente nivel<\/h2>\n<h3>Coaching personalizado para lograr el \u201cNext Level Growth\u201d<\/h3>\n<p>The Byrd Group works with individuals from all businesses and backgrounds \u00a0in the\u00a0 \u00a0implementation of a proven system of \u00a0personal and professional leadership and organizational development. Personalized coaching is also available to assist in the implementation of the Next Level Achievement System\u2122 . Our consultants work individually with clients in developing more effective and proactive behaviors that drive clarity, focus,\u00a0 perspective, and balance.<\/p>\n<p>Por favor, si\u00e9ntase libre de <a title=\"Cont\u00e1ctenos\" href=\"http:\/\/byrdgroup.com\/es\/contact-us\/\">Cont\u00e1ctenos<\/a> por tel\u00e9fono o correo electr\u00f3nico para responder a cualquier pregunta o si desea hablar sobre sus opciones para el trabajo de capacitaci\u00f3n y desarrollo individual.<\/p>\n<h2>Next Level Achievement System \u2122<\/h2>\n<h3>Visi\u00f3n, metas, planes mensuales, opciones diarias y acciones<\/h3>\n<p><a href=\"http:\/\/davidbyrdconsulting.com\/wp-content\/uploads\/2014\/09\/AchievementPlannerDeluxe.jpg\" target=\"_blank\" rel=\"noopener noreferrer\"><img decoding=\"async\" class=\"wp-image-697 size-medium alignleft\" src=\"http:\/\/davidbyrdconsulting.com\/wp-content\/uploads\/2014\/09\/AchievementPlannerDeluxe-300x281.jpg\" width=\"300\" height=\"281\" srcset=\"https:\/\/byrdgroup.com\/wp-content\/uploads\/2014\/09\/AchievementPlannerDeluxe-300x281.jpg 300w, https:\/\/byrdgroup.com\/wp-content\/uploads\/2014\/09\/AchievementPlannerDeluxe-768x719.jpg 768w, https:\/\/byrdgroup.com\/wp-content\/uploads\/2014\/09\/AchievementPlannerDeluxe-13x12.jpg 13w, https:\/\/byrdgroup.com\/wp-content\/uploads\/2014\/09\/AchievementPlannerDeluxe-200x187.jpg 200w, https:\/\/byrdgroup.com\/wp-content\/uploads\/2014\/09\/AchievementPlannerDeluxe-600x562.jpg 600w, https:\/\/byrdgroup.com\/wp-content\/uploads\/2014\/09\/AchievementPlannerDeluxe.jpg 1000w\" sizes=\"(max-width: 300px) 100vw, 300px\" \/><\/a>los <a href=\"https:\/\/byrdgroup.com\/es\/producto\/next-level-achievement-system-deluxe-edition-with-tablet-binder\/\">&quot;Sistema de Logro de Siguiente Nivel<sup>TM<\/sup>\u201d\u00a0<\/a>es un sistema simple de cuatro partes de crecimiento y gesti\u00f3n personal dise\u00f1ado para promover una perspectiva proactiva de la vida y el trabajo. Lo siguiente es una breve vista previa de las cuatro partes del sistema:<\/p>\n<p><strong>Visi\u00f3n:<\/strong> \u201c\u00a1Tendemos a movernos en la direcci\u00f3n de nuestras expectativas!\u201d Las expectativas se originan en nuestra imaginaci\u00f3n. La clave para la direcci\u00f3n de la vida, el prop\u00f3sito y el equilibrio es aprender c\u00f3mo potenciar nuestro don de la imaginaci\u00f3n. El proceso comienza con el desarrollo de la capacidad de usar este regalo.<\/p>\n<p><strong>Objetivos anuales:<\/strong> La mayor\u00eda de las personas y organizaciones no logran los objetivos de manera consistente, simplemente porque carecen de un sistema para establecer objetivos espec\u00edficos y realistas. El sistema respalda un proceso de planificaci\u00f3n de metas que lo dirige a establecer metas espec\u00edficas, medibles, alcanzables y realistas con planes de acci\u00f3n y fechas objetivo.<\/p>\n<p><strong>Planes mensuales:<\/strong> Hay magia en la planificaci\u00f3n. Si puede aprender c\u00f3mo lograr metas mensuales consistentemente, ciertamente puede lograr metas anuales. La planificaci\u00f3n mensual implica la medida de la &quot;efectividad&quot;. La efectividad es el proceso de multiplicar lo que funciona, abandonar lo que no funciona y siempre saber la diferencia.<\/p>\n<p><strong>Opciones y acciones diarias:<\/strong> Hoy somos la suma total de las elecciones que hemos hecho en el pasado. Si desea cambiar cualquier parte de su estaci\u00f3n actual en la vida, necesita simplemente cambiar la calidad de sus opciones. Cuando la elecci\u00f3n momento a momento se alinea con los sue\u00f1os y metas a largo plazo, \u00a1el logro comienza!<\/p>\n<p>El &quot;Sistema de Logro de Siguiente Nivel&quot;<sup>TM<\/sup>\u201dViene con un CD completo de siete sesiones que lo gu\u00eda a trav\u00e9s de todo el sistema.\u00a0<a href=\"https:\/\/byrdgroup.com\/es\/producto\/next-level-achievement-system-deluxe-edition-with-tablet-binder\/\">Ordenar ahora.<\/a><\/p>","protected":false},"excerpt":{"rendered":"<p>The term \u201cNext Level\u201d represents a place, position or station in life at which you have never been before.\u00a0 Getting to that next level is not easy or natural.\u00a0 Of course, anyone can get lucky and temporally achieve a higher level, only to find that they slip back over the course of time.\u00a0 The reason [&hellip;]<\/p>\n","protected":false},"author":1,"featured_media":0,"parent":0,"menu_order":35,"comment_status":"open","ping_status":"closed","template":"page-next-level-growth.php","meta":{"_acf_changed":false,"footnotes":""},"class_list":["post-8","page","type-page","status-publish","hentry"],"acf":[],"_links":{"self":[{"href":"https:\/\/byrdgroup.com\/es\/wp-json\/wp\/v2\/pages\/8","targetHints":{"allow":["GET"]}}],"collection":[{"href":"https:\/\/byrdgroup.com\/es\/wp-json\/wp\/v2\/pages"}],"about":[{"href":"https:\/\/byrdgroup.com\/es\/wp-json\/wp\/v2\/types\/page"}],"author":[{"embeddable":true,"href":"https:\/\/byrdgroup.com\/es\/wp-json\/wp\/v2\/users\/1"}],"replies":[{"embeddable":true,"href":"https:\/\/byrdgroup.com\/es\/wp-json\/wp\/v2\/comments?post=8"}],"version-history":[{"count":0,"href":"https:\/\/byrdgroup.com\/es\/wp-json\/wp\/v2\/pages\/8\/revisions"}],"wp:attachment":[{"href":"https:\/\/byrdgroup.com\/es\/wp-json\/wp\/v2\/media?parent=8"}],"curies":[{"name":"wp","href":"https:\/\/api.w.org\/{rel}","templated":true}]}}