{"id":616,"date":"2017-04-04T14:50:08","date_gmt":"2017-04-04T14:50:08","guid":{"rendered":"http:\/\/davidbyrdconsulting.com\/?page_id=616"},"modified":"2017-04-04T14:55:07","modified_gmt":"2017-04-04T14:55:07","slug":"digital-vault-registration","status":"publish","type":"page","link":"https:\/\/byrdgroup.com\/es\/digital-vault-registration\/","title":{"rendered":"Registro de b\u00f3veda digital"},"content":{"rendered":"<p>Ingrese su c\u00f3digo de una sola vez a continuaci\u00f3n para acceder al formulario de registro y activar su cuenta.<\/p>","protected":false},"excerpt":{"rendered":"<p>Ingrese su c\u00f3digo de una sola vez a continuaci\u00f3n para acceder al formulario de registro y activar su cuenta.<\/p>","protected":false},"author":518,"featured_media":0,"parent":0,"menu_order":20,"comment_status":"closed","ping_status":"closed","template":"page-registration.php","meta":{"_acf_changed":false,"footnotes":""},"class_list":["post-616","page","type-page","status-publish","hentry"],"acf":[],"_links":{"self":[{"href":"https:\/\/byrdgroup.com\/es\/wp-json\/wp\/v2\/pages\/616","targetHints":{"allow":["GET"]}}],"collection":[{"href":"https:\/\/byrdgroup.com\/es\/wp-json\/wp\/v2\/pages"}],"about":[{"href":"https:\/\/byrdgroup.com\/es\/wp-json\/wp\/v2\/types\/page"}],"author":[{"embeddable":true,"href":"https:\/\/byrdgroup.com\/es\/wp-json\/wp\/v2\/users\/518"}],"replies":[{"embeddable":true,"href":"https:\/\/byrdgroup.com\/es\/wp-json\/wp\/v2\/comments?post=616"}],"version-history":[{"count":0,"href":"https:\/\/byrdgroup.com\/es\/wp-json\/wp\/v2\/pages\/616\/revisions"}],"wp:attachment":[{"href":"https:\/\/byrdgroup.com\/es\/wp-json\/wp\/v2\/media?parent=616"}],"curies":[{"name":"wp","href":"https:\/\/api.w.org\/{rel}","templated":true}]}}