{"id":314,"date":"2015-07-07T12:26:47","date_gmt":"2015-07-07T12:26:47","guid":{"rendered":"http:\/\/davidbyrdconsulting.com\/?page_id=314"},"modified":"2016-01-29T17:38:22","modified_gmt":"2016-01-29T17:38:22","slug":"thank-you-for-registering","status":"publish","type":"page","link":"https:\/\/byrdgroup.com\/es\/golden-key-earner-registration\/thank-you-for-registering\/","title":{"rendered":"Gracias por registrarte"},"content":{"rendered":"<p>Gracias por registrarse en el sitio web de Golden Key. Una vez que su registro haya sido aprobado, recibir\u00e1 una confirmaci\u00f3n por correo electr\u00f3nico. Si no recibe este correo electr\u00f3nico dentro de las 24 horas, revise su correo no deseado o <a href=\"mailto:info@davidbyrdconsulting.com\">Cont\u00e1ctenos<\/a>.<\/p>","protected":false},"excerpt":{"rendered":"<p>Thanks for registering for the\u00a0Golden Key\u00a0website. \u00a0Once your registration has been approved you will receive an email \u00a0confirmation. \u00a0If you do not receive this email within 24 hours, check your junk mail or contact us.<\/p>","protected":false},"author":3,"featured_media":0,"parent":294,"menu_order":26,"comment_status":"closed","ping_status":"open","template":"","meta":{"_acf_changed":false,"footnotes":""},"class_list":["post-314","page","type-page","status-publish","hentry"],"acf":[],"_links":{"self":[{"href":"https:\/\/byrdgroup.com\/es\/wp-json\/wp\/v2\/pages\/314","targetHints":{"allow":["GET"]}}],"collection":[{"href":"https:\/\/byrdgroup.com\/es\/wp-json\/wp\/v2\/pages"}],"about":[{"href":"https:\/\/byrdgroup.com\/es\/wp-json\/wp\/v2\/types\/page"}],"author":[{"embeddable":true,"href":"https:\/\/byrdgroup.com\/es\/wp-json\/wp\/v2\/users\/3"}],"replies":[{"embeddable":true,"href":"https:\/\/byrdgroup.com\/es\/wp-json\/wp\/v2\/comments?post=314"}],"version-history":[{"count":0,"href":"https:\/\/byrdgroup.com\/es\/wp-json\/wp\/v2\/pages\/314\/revisions"}],"up":[{"embeddable":true,"href":"https:\/\/byrdgroup.com\/es\/wp-json\/wp\/v2\/pages\/294"}],"wp:attachment":[{"href":"https:\/\/byrdgroup.com\/es\/wp-json\/wp\/v2\/media?parent=314"}],"curies":[{"name":"wp","href":"https:\/\/api.w.org\/{rel}","templated":true}]}}