{"id":253,"date":"2015-03-10T13:52:00","date_gmt":"2015-03-10T13:52:00","guid":{"rendered":"http:\/\/davidbyrdconsulting.com\/?page_id=253"},"modified":"2021-03-17T16:08:17","modified_gmt":"2021-03-17T21:08:17","slug":"nlac","status":"publish","type":"page","link":"https:\/\/byrdgroup.com\/es\/nlac\/","title":{"rendered":"Llamada de rendici\u00f3n de cuentas del siguiente nivel (NLAC)"},"content":{"rendered":"<p>La Llamada de rendici\u00f3n de cuentas al siguiente nivel (NLAC, por sus siglas en ingl\u00e9s) es una herramienta eficaz que ahorra tiempo y que los l\u00edderes de la organizaci\u00f3n pueden utilizar como plataforma de capacitaci\u00f3n. Est\u00e1 dise\u00f1ado para ayudar a cada participante a crecer constantemente tanto en confianza como en resultados. Las personas crecen desarrollando confianza, y las personas desarrollan confianza por la experiencia de intentos exitosos. Cuando una persona intenta algo nuevo y tiene \u00e9xito, crece en confianza. Este es el \u00fanico objetivo de NLAC: ayudar a las personas a crecer.<\/p>\n<h2>Para lideres<\/h2>\n<p><a href=\"https:\/\/byrdgroup.com\/wp-content\/uploads\/2021\/03\/NLAC_Leaders-Guide_2021.pdf\" target=\"_blank\" rel=\"noopener noreferrer\">Gu\u00eda de l\u00edderes de NLAC - versi\u00f3n imprimible<\/a><\/p>\n<p><a href=\"https:\/\/byrdgroup.com\/wp-content\/uploads\/2021\/01\/01-Leaders-Guide-Next-Level-Accountability-Culture-Next-Level-Achievement-1-1.mp3\" target=\"_blank\" rel=\"noopener noreferrer\">Gu\u00eda de l\u00edderes NLAC - versi\u00f3n de audio<\/a><\/p>\n<p><a href=\"https:\/\/byrdgroup.com\/es\/producto\/key-performance-indicators-for-group-leaders-next-level-group-25pk\/\"><em>Compra<\/em>\u00a0Hoja de seguimiento de KPI del l\u00edder del grupo para el planificador de logros<\/a><\/p>\n<h2>Para los participantes<\/h2>\n<p><a href=\"https:\/\/byrdgroup.com\/wp-content\/uploads\/2021\/03\/NLAC_PARTICIPANTS-Guide_2021.pdf\" target=\"_blank\" rel=\"noopener noreferrer\">Gu\u00eda de Participantes NLAC - versi\u00f3n imprimible<\/a><\/p>\n<p><a href=\"https:\/\/byrdgroup.com\/wp-content\/uploads\/2021\/01\/02-Participants-Guide-Next-Level-Accountability-Culture-Next-Level-Achievement-1.mp3\" target=\"_blank\" rel=\"noopener noreferrer\">Gu\u00eda de Participantes NLAC - versi\u00f3n de audio<\/a><\/p>\n<p>&nbsp;<\/p>\n<hr \/>\n<h2>Llamada de rendici\u00f3n de cuentas del siguiente nivel - Preguntas y respuestas<\/h2>\n<p>Las siguientes preguntas son algunas de las preguntas m\u00e1s frecuentes relacionadas con el NLAC.<\/p>\n<h3>\u00bfCu\u00e1nto deber\u00eda durar la llamada, en promedio?<\/h3>\n<p>Cuanto m\u00e1s corto, mejor, la llamada debe durar de 10 a 20 minutos. Siempre siga las tres partes de la llamada y no agregue otras cosas como anuncios, actualizaciones o capacitaci\u00f3n.<\/p>\n<h3>\u00bfCu\u00e1ntas personas deben estar en la llamada?<\/h3>\n<p>15-20 es ideal, pero un grupo m\u00e1s peque\u00f1o de 4-10 puede ser muy efectivo. Despu\u00e9s de los 20, debe comenzar a buscar en otros l\u00edderes de llamadas para dividir el tama\u00f1o de los participantes de la llamada.<\/p>\n<h3>\u00bfQui\u00e9n debe ejecutar la llamada?<\/h3>\n<p>Any leader can run the call and that does not necessarily imply a certain rank.\u00a0 The most important question is, do they feel ready and do they want to. The 3 steps of the call are simple and easy to follow.<\/p>\n<h3>\u00bfCu\u00e1l es el mejor momento para la llamada?<\/h3>\n<p>No hemos observado que haya un momento perfecto. Encuentre un momento que se adapte a la mayor\u00eda de las personas, pero recuerde que no hay un tiempo &quot;perfecto&quot;.<\/p>\n<h3>\u00bfPuedo agregar anuncios especiales u otra capacitaci\u00f3n?<\/h3>\n<p>\u00a1No y no! La llamada debe ser independiente por sus propios m\u00e9ritos. Si agregas cosas adicionales disminuye el significado de la llamada.<\/p>\n<h3>\u00bfCu\u00e1ntos KPI debo medir?<\/h3>\n<p>No m\u00e1s de cinco. Encuentre los KPI m\u00e1s importantes para usted y su equipo en este momento y haga un seguimiento de ellos. Si alguna vez siente que necesita medir algo m\u00e1s, debe restar un KPI existente. \u00a1No m\u00e1s de cinco!<\/p>\n<h3>Can I run a NLAC for new Team Members?<\/h3>\n<p>Funciona, pero nunca debe reemplazar la llamada del l\u00edder. Siempre debes tener cuidado al agregar llamadas adicionales.<\/p>\n<h3>\u00bfCu\u00e1ndo puedo entrenar a participantes individuales?<\/h3>\n<p>Nunca entrenar en la llamada. Usted debe hacer algunas llamadas de entrenamiento individual semanalmente. Entrenador en lo que necesitan. Por ejemplo, cuando descubre que alguien est\u00e1 informando n\u00fameros altos y resultados bajos, es una indicaci\u00f3n de una llamada de coaching individual necesaria.<\/p>\n<h3>\u00bfDebo tratar de traer nuevos participantes?<\/h3>\n<p>\u00a1Por supuesto que s\u00ed! Trate de invitar a 1-2 nuevos participantes a la llamada semanalmente. Una invitaci\u00f3n individual para participar tiene m\u00e1s poder que una solicitud de grupo.<\/p>\n<h3>Si dos o m\u00e1s l\u00edderes compiten por el llamado de alguien, \u00bfqu\u00e9 debo hacer?<\/h3>\n<p>Ayude a todos los l\u00edderes de llamadas a recordar que no importa cu\u00e1l es la llamada de un l\u00edder, mientras est\u00e9 en una llamada.<\/p>\n<h3>\u00bfQui\u00e9n debe ser invitado a participar en la convocatoria?<\/h3>\n<p>The call is intended for team leaders. It is counterproductive to include brand new team members with the leaders because you will be tracking KPIs that do not apply to their level. However, the NLAC will work with leaders as long as you keep the KPIs simple and applicable to their starting position, but never mix the groups.<\/p>","protected":false},"excerpt":{"rendered":"<p>The Next Level Accountability Call (NLAC) is an effective and time saving tool which can be used by organizational leaders as a coaching platform. It is designed to help each participant consistently grow in both confidence and results. People grow by developing confidence, and people develop confidence by the experience of successful attempts. When a [&hellip;]<\/p>\n","protected":false},"author":3,"featured_media":0,"parent":0,"menu_order":29,"comment_status":"closed","ping_status":"open","template":"","meta":{"_acf_changed":false,"footnotes":""},"class_list":["post-253","page","type-page","status-publish","hentry"],"acf":[],"_links":{"self":[{"href":"https:\/\/byrdgroup.com\/es\/wp-json\/wp\/v2\/pages\/253","targetHints":{"allow":["GET"]}}],"collection":[{"href":"https:\/\/byrdgroup.com\/es\/wp-json\/wp\/v2\/pages"}],"about":[{"href":"https:\/\/byrdgroup.com\/es\/wp-json\/wp\/v2\/types\/page"}],"author":[{"embeddable":true,"href":"https:\/\/byrdgroup.com\/es\/wp-json\/wp\/v2\/users\/3"}],"replies":[{"embeddable":true,"href":"https:\/\/byrdgroup.com\/es\/wp-json\/wp\/v2\/comments?post=253"}],"version-history":[{"count":0,"href":"https:\/\/byrdgroup.com\/es\/wp-json\/wp\/v2\/pages\/253\/revisions"}],"wp:attachment":[{"href":"https:\/\/byrdgroup.com\/es\/wp-json\/wp\/v2\/media?parent=253"}],"curies":[{"name":"wp","href":"https:\/\/api.w.org\/{rel}","templated":true}]}}