{"id":1094,"date":"2017-11-05T23:04:50","date_gmt":"2017-11-05T23:04:50","guid":{"rendered":"http:\/\/davidbyrdconsulting.com\/?page_id=1094"},"modified":"2020-06-19T11:18:35","modified_gmt":"2020-06-19T16:18:35","slug":"returns-policy","status":"publish","type":"page","link":"https:\/\/byrdgroup.com\/es\/returns-policy\/","title":{"rendered":"Pol\u00edtica de devoluciones"},"content":{"rendered":"<p><strong>Devoluciones y reembolsos<\/strong><\/p>\n<p>Nuestra pol\u00edtica de devoluci\u00f3n le proporciona un reembolso o cambio cuando devuelve la compra de su producto * dentro de los 30 d\u00edas calendario a partir de la fecha en que lo recibi\u00f3. Los retiros y talleres no son elegibles para un reembolso despu\u00e9s de que el evento haya pasado.<\/p>\n<p>Para ser elegible para una devoluci\u00f3n, el producto debe ser nuevo y sin abrir, en las mismas condiciones en que lo recibi\u00f3 y acompa\u00f1ado de un recibo original. El comprador es responsable de los gastos de env\u00edo de devoluci\u00f3n y del seguimiento del env\u00edo de devoluci\u00f3n de los mismos. Se recomienda el seguimiento y el seguro, ya que una vez que intente devolver su paquete, usted es responsable del paquete y su contenido.<\/p>\n<p>* Art\u00edculos en oferta y <a href=\"https:\/\/byrdgroup.com\/es\/categoria-producto\/meditation-tools\/\">productos digitales<\/a> are final sale and cannot be returned.<\/p>\n<p>Una vez que recibamos su art\u00edculo, le notificaremos el estado de su reembolso despu\u00e9s de inspeccionarlo. Los productos en los que se abre la envoltura retr\u00e1ctil original no se pueden aceptar ni se aplicar\u00e1n reembolsos parciales a los art\u00edculos abiertos.<\/p>\n<p>En el caso de que devuelva un paquete con varios art\u00edculos, por ejemplo, un nuevo paquete de planificador y uno o m\u00e1s art\u00edculos ya no est\u00e1n en la envoltura original de los art\u00edculos individuales en los que se abre la envoltura se reducir\u00e1 su posible reembolso. El precio minorista regular del art\u00edculo individual ser\u00e1 el precio utilizado para deducir de su reembolso. Ofrecemos descuentos en los precios combinados para nuevos planificadores, recargas anuales, etc. Una vez que un aspecto de los precios combinados no se considere adecuado para la reventa, reduciremos su reembolso por el costo minorista individual de ese art\u00edculo, ya que ese paquete o paquete ya no se puede revender. como un paquete o paquete<\/p>\n<p>El material con fecha y las pesta\u00f1as del calendario de los pr\u00f3ximos meses y a\u00f1os son elegibles para un reembolso. Si su paquete que se env\u00eda para el reembolso se recibe en cualquier parte del mes existente, solo los meses que no hayan comenzado se acreditar\u00e1n o se aplicar\u00e1n a su reembolso. En el caso de que devuelva, por ejemplo, las pesta\u00f1as del calendario mensual, solo se acreditar\u00e1n los meses futuros que no hayan comenzado. Se aplicar\u00e1 una f\u00f3rmula prorrateada a su reembolso por cualquier mes que no haya comenzado.<\/p>\n<p>Al momento de la devoluci\u00f3n e inspecci\u00f3n, el monto o cr\u00e9dito aprobado de la devoluci\u00f3n se emitir\u00e1 de la misma forma que el pago original. Los gastos de env\u00edo originales solo se reembolsar\u00e1n si la devoluci\u00f3n es el resultado de nuestro error. Para las tarjetas de cr\u00e9dito, permita que aparezcan dos ciclos de facturaci\u00f3n para que el cr\u00e9dito aparezca en su estado de cuenta.<\/p>\n<p><strong>Tasa de reposici\u00f3n<\/strong><\/p>\n<p>Todos los art\u00edculos no defectuosos est\u00e1n sujetos a una tarifa de reposici\u00f3n del 10%, que se deducir\u00e1 de su reembolso. Los gastos de env\u00edo y manejo originales solo se reembolsar\u00e1n si la devoluci\u00f3n es el resultado de nuestro error.<\/p>\n<p><strong>C\u00f3mo devolver tu art\u00edculo<\/strong><\/p>\n<p>Para devolvernos un art\u00edculo, env\u00edelo por correo a la siguiente direcci\u00f3n:<\/p>\n<p>The Byrd Group LLC Returns<br \/>\nImpresoras C \/ O Positivas<br \/>\n3555-A Centre Circle<br \/>\nFort Mill, SC 29715 EE.UU.<\/p>\n<p>Comun\u00edquese con el Soporte al (254) 300-1909 para obtener m\u00e1s informaci\u00f3n sobre c\u00f3mo devolver un art\u00edculo.<\/p>","protected":false},"excerpt":{"rendered":"<p>Returns &amp; Refunds Our return policy provides you with a refund or exchange when you return your product purchase* within 30 calendar days from the date you received it. Retreats and workshops are not eligible for a refund after the event has passed. To be eligible for a return, product must be new and unopened [&hellip;]<\/p>\n","protected":false},"author":3,"featured_media":0,"parent":0,"menu_order":12,"comment_status":"closed","ping_status":"closed","template":"","meta":{"_acf_changed":false,"footnotes":""},"class_list":["post-1094","page","type-page","status-publish","hentry"],"acf":[],"_links":{"self":[{"href":"https:\/\/byrdgroup.com\/es\/wp-json\/wp\/v2\/pages\/1094","targetHints":{"allow":["GET"]}}],"collection":[{"href":"https:\/\/byrdgroup.com\/es\/wp-json\/wp\/v2\/pages"}],"about":[{"href":"https:\/\/byrdgroup.com\/es\/wp-json\/wp\/v2\/types\/page"}],"author":[{"embeddable":true,"href":"https:\/\/byrdgroup.com\/es\/wp-json\/wp\/v2\/users\/3"}],"replies":[{"embeddable":true,"href":"https:\/\/byrdgroup.com\/es\/wp-json\/wp\/v2\/comments?post=1094"}],"version-history":[{"count":0,"href":"https:\/\/byrdgroup.com\/es\/wp-json\/wp\/v2\/pages\/1094\/revisions"}],"wp:attachment":[{"href":"https:\/\/byrdgroup.com\/es\/wp-json\/wp\/v2\/media?parent=1094"}],"curies":[{"name":"wp","href":"https:\/\/api.w.org\/{rel}","templated":true}]}}