{"id":1092,"date":"2017-11-05T23:04:01","date_gmt":"2017-11-05T23:04:01","guid":{"rendered":"http:\/\/davidbyrdconsulting.com\/?page_id=1092"},"modified":"2018-02-08T19:52:58","modified_gmt":"2018-02-08T19:52:58","slug":"shipping-conditions","status":"publish","type":"page","link":"https:\/\/byrdgroup.com\/es\/shipping-conditions\/","title":{"rendered":"Condiciones de env\u00edo"},"content":{"rendered":"<p>Todos los pagos se deben a la recepci\u00f3n. Si no se recibe un pago o se rechaza el m\u00e9todo de pago, el comprador pierde la propiedad de cualquier art\u00edculo comprado. Si no se recibe ning\u00fan pago, no se enviar\u00e1n art\u00edculos.<\/p>\n<p>El env\u00edo ser\u00e1 pagado por el comprador en la cantidad acordada por el vendedor en el momento de la compra. Si un art\u00edculo se pierde durante el env\u00edo, el vendedor le reembolsar\u00e1 al comprador el costo total del art\u00edculo, incluido el env\u00edo. Los gastos de env\u00edo pueden duplicarse o triplicarse si el env\u00edo internacional. Si un art\u00edculo se da\u00f1a durante el env\u00edo, el vendedor no ser\u00e1 responsable.<\/p>\n<p>Los pedidos generalmente se env\u00edan dentro de 1-2 d\u00edas h\u00e1biles. Los gastos de env\u00edo son el 20% del precio total de compra con un m\u00ednimo de $ 4.00.<\/p>","protected":false},"excerpt":{"rendered":"<p>All payments are due upon receipt. If a payment is not received or payment method is declined, the buyer forfeits the ownership of any items purchased. If no payment is received, no items will be shipped. Shipping will be paid for by the buyer in the amount agreed upon by the seller at the time [&hellip;]<\/p>\n","protected":false},"author":3,"featured_media":0,"parent":0,"menu_order":13,"comment_status":"closed","ping_status":"closed","template":"","meta":{"_acf_changed":false,"footnotes":""},"class_list":["post-1092","page","type-page","status-publish","hentry"],"acf":[],"_links":{"self":[{"href":"https:\/\/byrdgroup.com\/es\/wp-json\/wp\/v2\/pages\/1092","targetHints":{"allow":["GET"]}}],"collection":[{"href":"https:\/\/byrdgroup.com\/es\/wp-json\/wp\/v2\/pages"}],"about":[{"href":"https:\/\/byrdgroup.com\/es\/wp-json\/wp\/v2\/types\/page"}],"author":[{"embeddable":true,"href":"https:\/\/byrdgroup.com\/es\/wp-json\/wp\/v2\/users\/3"}],"replies":[{"embeddable":true,"href":"https:\/\/byrdgroup.com\/es\/wp-json\/wp\/v2\/comments?post=1092"}],"version-history":[{"count":0,"href":"https:\/\/byrdgroup.com\/es\/wp-json\/wp\/v2\/pages\/1092\/revisions"}],"wp:attachment":[{"href":"https:\/\/byrdgroup.com\/es\/wp-json\/wp\/v2\/media?parent=1092"}],"curies":[{"name":"wp","href":"https:\/\/api.w.org\/{rel}","templated":true}]}}