{"id":1090,"date":"2017-11-05T23:03:37","date_gmt":"2017-11-05T23:03:37","guid":{"rendered":"http:\/\/davidbyrdconsulting.com\/?page_id=1090"},"modified":"2020-06-19T11:20:58","modified_gmt":"2020-06-19T16:20:58","slug":"privacy-policy","status":"publish","type":"page","link":"https:\/\/byrdgroup.com\/es\/privacy-policy\/","title":{"rendered":"Pol\u00edtica de privacidad"},"content":{"rendered":"<p>The Byrd Group, LLC Store Privacy Policy<\/p>\n<p>Esta Pol\u00edtica de privacidad se modific\u00f3 por \u00faltima vez el 21 de julio de 2014.<\/p>\n<p>The Byrd Group, LLC (&#8220;us&#8221;, &#8220;we&#8221;, or &#8220;our&#8221;) operates www.ByrdGroup.com, www.theachievementplanner, www.achievementplanner.com (the &#8220;Site&#8221;). This page informs you of our policies regarding the collection, use and disclosure of Personal Information we receive from users of the Site. We use your Personal Information only for providing and improving the Site. By using the Site, you agree to the collection and use of information in accordance with this policy. Unless otherwise defined in this Privacy Policy, terms used in this Privacy Policy have the same meanings as in our Terms and Conditions, accessible at www.ByrdGroup.com.<\/p>\n<p><strong>Recopilaci\u00f3n y uso de informaci\u00f3n<\/strong><\/p>\n<p>Mientras usamos nuestro Sitio, podemos pedirle que nos brinde cierta informaci\u00f3n de identificaci\u00f3n personal que se puede usar para contactarlo o identificarlo. La informaci\u00f3n de identificaci\u00f3n personal puede incluir, entre otros, su nombre, direcci\u00f3n de correo electr\u00f3nico, direcci\u00f3n postal y n\u00famero de tel\u00e9fono (&quot;Informaci\u00f3n personal&quot;).<\/p>\n<p>Al igual que muchos operadores de sitios, recopilamos informaci\u00f3n que su navegador env\u00eda cada vez que visita nuestro Sitio (&quot;Datos de registro&quot;). Estos datos de registro pueden incluir informaci\u00f3n como la direcci\u00f3n del Protocolo de Internet (&quot;IP&quot;) de su computadora, el tipo de navegador, la versi\u00f3n del navegador, las p\u00e1ginas de nuestro Sitio que visita, la fecha y hora de su visita, el tiempo dedicado a esas p\u00e1ginas y otros estad\u00edstica.<\/p>\n<p>Las cookies son archivos con una peque\u00f1a cantidad de datos, que pueden incluir un identificador \u00fanico an\u00f3nimo. Las cookies se env\u00edan a su navegador desde un sitio web y se almacenan en el disco duro de su computadora.<\/p>\n<p>Como muchos sitios, utilizamos &quot;cookies&quot; para recopilar informaci\u00f3n. Puede indicar a su navegador que rechace todas las cookies o que indique cu\u00e1ndo se env\u00eda una cookie. Sin embargo, si no acepta las cookies, es posible que no pueda utilizar algunas partes de nuestro Sitio.<\/p>\n<p>La seguridad de su informaci\u00f3n personal es importante para nosotros, pero recuerde que ning\u00fan m\u00e9todo de transmisi\u00f3n a trav\u00e9s de Internet o de almacenamiento electr\u00f3nico es 100% seguro. Si bien nos esforzamos por utilizar medios comercialmente aceptables para proteger su informaci\u00f3n personal, no podemos garantizar su absoluta seguridad.<\/p>\n<p><strong>Enlaces a otros sitios<\/strong><\/p>\n<p>Nuestro Sitio puede contener enlaces a otros sitios que no son operados por nosotros. Si hace clic en el enlace de un tercero, se lo dirigir\u00e1 al sitio de ese tercero. Le recomendamos encarecidamente que revise la Pol\u00edtica de privacidad de cada sitio que visite.<\/p>\n<p>The Byrd Group, LLC has no control over, and assumes no responsibility for, the content, privacy policies, or practices of any third party sites or services.<\/p>\n<p><strong>Cambios en esta pol\u00edtica de privacidad<\/strong><\/p>\n<p>The Byrd Group, LLC may update this Privacy Policy from time to time. We will notify you of any changes by posting the new Privacy Policy on the Site. You are advised to review this Privacy Policy periodically for any changes.<\/p>\n<p>Si tiene alguna pregunta sobre esta Pol\u00edtica de privacidad, cont\u00e1ctenos.<\/p>","protected":false},"excerpt":{"rendered":"<p>The Byrd Group, LLC Store Privacy Policy This Privacy Policy was last modified on July 21, 2014. The Byrd Group, LLC (&#8220;us&#8221;, &#8220;we&#8221;, or &#8220;our&#8221;) operates www.ByrdGroup.com, www.theachievementplanner, www.achievementplanner.com (the &#8220;Site&#8221;). This page informs you of our policies regarding the collection, use and disclosure of Personal Information we receive from users of the Site. We [&hellip;]<\/p>\n","protected":false},"author":3,"featured_media":0,"parent":0,"menu_order":14,"comment_status":"closed","ping_status":"closed","template":"","meta":{"_acf_changed":false,"footnotes":""},"class_list":["post-1090","page","type-page","status-publish","hentry"],"acf":[],"_links":{"self":[{"href":"https:\/\/byrdgroup.com\/es\/wp-json\/wp\/v2\/pages\/1090","targetHints":{"allow":["GET"]}}],"collection":[{"href":"https:\/\/byrdgroup.com\/es\/wp-json\/wp\/v2\/pages"}],"about":[{"href":"https:\/\/byrdgroup.com\/es\/wp-json\/wp\/v2\/types\/page"}],"author":[{"embeddable":true,"href":"https:\/\/byrdgroup.com\/es\/wp-json\/wp\/v2\/users\/3"}],"replies":[{"embeddable":true,"href":"https:\/\/byrdgroup.com\/es\/wp-json\/wp\/v2\/comments?post=1090"}],"version-history":[{"count":0,"href":"https:\/\/byrdgroup.com\/es\/wp-json\/wp\/v2\/pages\/1090\/revisions"}],"wp:attachment":[{"href":"https:\/\/byrdgroup.com\/es\/wp-json\/wp\/v2\/media?parent=1090"}],"curies":[{"name":"wp","href":"https:\/\/api.w.org\/{rel}","templated":true}]}}