{"id":1088,"date":"2017-11-05T23:03:15","date_gmt":"2017-11-05T23:03:15","guid":{"rendered":"http:\/\/davidbyrdconsulting.com\/?page_id=1088"},"modified":"2020-06-19T11:23:57","modified_gmt":"2020-06-19T16:23:57","slug":"terms-conditions","status":"publish","type":"page","link":"https:\/\/byrdgroup.com\/es\/terms-conditions\/","title":{"rendered":"T\u00e9rminos y condiciones"},"content":{"rendered":"<p>The Byrd Group, LLC Store Terms and Conditions (&#8220;Agreement&#8221;)<\/p>\n<p>Este Acuerdo fue modificado por \u00faltima vez el 21 de julio de 2014.<\/p>\n<p>Please read these Terms and Conditions (&#8220;Agreement&#8221;, &#8220;Terms and Conditions&#8221;) carefully before using www.ByrdGroup.com, www.theachievementplanner.com, www.achievementplanner.com (&#8220;the Site&#8221;) operated by The Byrd Group, LLC (&#8220;us&#8221;, &#8220;we&#8221;, or &#8220;our&#8221;). This Agreement sets forth the legally binding terms and conditions for your use of the Site.<\/p>\n<p>Al acceder o utilizar el Sitio de cualquier manera, lo que incluye, entre otros, visitar o navegar por el Sitio o contribuir con contenido u otros materiales al Sitio, acepta estar sujeto a estos T\u00e9rminos y condiciones. Los t\u00e9rminos en may\u00fasculas se definen en este Acuerdo.<\/p>\n<p><strong>Propiedad intelectual<\/strong><\/p>\n<p>The Site and its original content, features and functionality are owned by The Byrd Group, LLC and are protected by international copyright, trademark, patent, trade secret and other intellectual property or proprietary rights laws.<\/p>\n<p>Podemos cancelar su acceso al Sitio, sin causa ni aviso, lo que puede resultar en la confiscaci\u00f3n y destrucci\u00f3n de toda la informaci\u00f3n asociada con usted. Todas las disposiciones de este Acuerdo que, por su naturaleza, deben sobrevivir a la rescisi\u00f3n, sobrevivir\u00e1n a la finalizaci\u00f3n, incluidas, entre otras, las disposiciones de propiedad, exenciones de responsabilidad de la garant\u00eda, indemnizaci\u00f3n y limitaciones de responsabilidad.<\/p>\n<p><strong>Enlaces a otros sitios<\/strong><\/p>\n<p>Our Site may contain links to third-party sites that are not owned or controlled by The Byrd Group, LLC. The Byrd Group, LLC has no control over, and assumes no responsibility for, the content, privacy policies, or practices of any third party sites or services. We strongly advise you to read the terms and conditions and privacy policy of any third-party site that you visit.<\/p>\n<p><strong>Ley que rige<\/strong><\/p>\n<p>Este Acuerdo (y cualquier otra regla, pol\u00edtica o directriz incorporada por referencia) se regir\u00e1 e interpretar\u00e1 de acuerdo con las leyes de Texas, Estados Unidos, sin dar efecto a ning\u00fan principio de conflicto de leyes.<\/p>\n<p><strong>Cambios a este acuerdo<\/strong><\/p>\n<p>Nos reservamos el derecho, a nuestra entera discreci\u00f3n, de modificar o reemplazar estos T\u00e9rminos y Condiciones mediante la publicaci\u00f3n de los t\u00e9rminos actualizados en el Sitio. Su uso continuado del Sitio despu\u00e9s de dichos cambios constituye su aceptaci\u00f3n de los nuevos T\u00e9rminos y Condiciones.<\/p>\n<p>Por favor revise este Acuerdo peri\u00f3dicamente para los cambios. Si no est\u00e1 de acuerdo con cualquiera de este Acuerdo o cualquier cambio a este Acuerdo, no use, acceda o contin\u00fae accediendo al Sitio o interrumpa cualquier uso del Sitio de forma inmediata.<\/p>\n<p><strong>Cont\u00e1ctenos<\/strong><\/p>\n<p>Si tiene alguna pregunta sobre este Acuerdo, cont\u00e1ctenos.<\/p>","protected":false},"excerpt":{"rendered":"<p>The Byrd Group, LLC Store Terms and Conditions (&#8220;Agreement&#8221;) This Agreement was last modified on July 21, 2014. Please read these Terms and Conditions (&#8220;Agreement&#8221;, &#8220;Terms and Conditions&#8221;) carefully before using www.ByrdGroup.com, www.theachievementplanner.com, www.achievementplanner.com (&#8220;the Site&#8221;) operated by The Byrd Group, LLC (&#8220;us&#8221;, &#8220;we&#8221;, or &#8220;our&#8221;). This Agreement sets forth the legally binding terms and [&hellip;]<\/p>\n","protected":false},"author":3,"featured_media":0,"parent":0,"menu_order":15,"comment_status":"closed","ping_status":"closed","template":"page-woocommerce.php","meta":{"_acf_changed":false,"footnotes":""},"class_list":["post-1088","page","type-page","status-publish","hentry"],"acf":[],"_links":{"self":[{"href":"https:\/\/byrdgroup.com\/es\/wp-json\/wp\/v2\/pages\/1088","targetHints":{"allow":["GET"]}}],"collection":[{"href":"https:\/\/byrdgroup.com\/es\/wp-json\/wp\/v2\/pages"}],"about":[{"href":"https:\/\/byrdgroup.com\/es\/wp-json\/wp\/v2\/types\/page"}],"author":[{"embeddable":true,"href":"https:\/\/byrdgroup.com\/es\/wp-json\/wp\/v2\/users\/3"}],"replies":[{"embeddable":true,"href":"https:\/\/byrdgroup.com\/es\/wp-json\/wp\/v2\/comments?post=1088"}],"version-history":[{"count":0,"href":"https:\/\/byrdgroup.com\/es\/wp-json\/wp\/v2\/pages\/1088\/revisions"}],"wp:attachment":[{"href":"https:\/\/byrdgroup.com\/es\/wp-json\/wp\/v2\/media?parent=1088"}],"curies":[{"name":"wp","href":"https:\/\/api.w.org\/{rel}","templated":true}]}}